{"id":430,"date":"2015-11-04T16:57:11","date_gmt":"2015-11-04T21:57:11","guid":{"rendered":"https:\/\/cardiogenix.com\/fr\/cardiogenix\/working-with-us\/"},"modified":"2016-02-09T10:49:47","modified_gmt":"2016-02-09T15:49:47","slug":"travailler-avec-nous","status":"publish","type":"page","link":"https:\/\/cardiogenix.com\/fr\/cardiogenix\/travailler-avec-nous\/","title":{"rendered":"Travailler avec nous"},"content":{"rendered":"<h2>Ce que nous recherchons<\/h2>\n<p>Au Centre m\u00e9dical Cardiogenix, notre objectif est non seulement d\u2019offrir \u00e0 nos patients d\u2019excellents soins, mais aussi de recruter des employ\u00e9s hors pair dot\u00e9s de personnalit\u00e9s aptes \u00e0 les prodiguer. Les membres de notre personnel m\u00e9dical apprendront rapidement la culture du soin chez Cardiogenix, de m\u00eame que les bons effectifs comprendront v\u00e9ritablement notre vision et notre mission, tout en la maintenant et en la poursuivant. Nous sommes d\u2019avis que les bons soins aux patients commencent par notre \u00e9quipe m\u00e9dicale et notre esprit d\u2019\u00e9quipe. D\u2019ailleurs, nous investissons beaucoup d\u2019\u00e9nergie dans la formation et dans le soutien de tous les membres de notre \u00e9quipe. L\u2019individu qui conna\u00eetra du succ\u00e8s apprendra vite qu\u2019une bonne attitude et une volont\u00e9 d\u2019apprendre et de s\u2019adapter sont ce qu\u2019il y a de plus valoris\u00e9 chez Cardiogenix. Si vous \u00eates simplement \u00e0 la recherche d\u2019un \u00ab\u00a0boulot\u00a0\u00bb \u2013 ce n\u2019est pas l\u2019endroit pour vous. Par contre, si vous \u00eates \u00e0 la recherche d\u2019une \u00ab\u00a0exp\u00e9rience de vie au travail\u00a0\u00bb enrichissante, de coll\u00e8gues dynamiques et de la gratification de voir l\u2019\u00e9tat de sant\u00e9 des patients s\u2019am\u00e9liorer chaque jour \u2013 alors postulez. Nous ne fournissons pas simplement des soins \u00e0 nos patients. Nous devenons plut\u00f4t leur partenaire en vue de cr\u00e9er un plan de sant\u00e9 optimal qui r\u00e9pond \u00e0 leurs besoins. Pour ce faire, l\u2019\u00e9quipe doit faire preuve de collaboration et d\u2019ouverture au dialogue et aux nouvelles id\u00e9es. Nous nous effor\u00e7ons de cultiver une forte ambiance collective et conviviale et nous nous assurons que tous les nouveaux membres de l\u2019\u00e9quipe adopteront aussi ces valeurs. Vous pensez avoir ce qu\u2019il faut pour faire partie de notre \u00e9quipe? Nous sommes curieux de faire votre connaissance!<\/p>\n","protected":false},"excerpt":{"rendered":"<p>Ce que nous recherchons Au Centre m\u00e9dical Cardiogenix, notre objectif est non seulement d\u2019offrir \u00e0 nos patients d\u2019excellents soins, mais aussi de recruter des employ\u00e9s hors pair dot\u00e9s de personnalit\u00e9s aptes \u00e0 les prodiguer. Les membres de notre personnel m\u00e9dical apprendront rapidement la culture du soin chez Cardiogenix, de m\u00eame que les bons effectifs comprendront<\/p>\n<p class=\"learnMore\"><span class=\"icon-fa-arrow-right\"><\/span> <a class=\"more-link\" href=\"https:\/\/cardiogenix.com\/fr\/cardiogenix\/travailler-avec-nous\/\">En savoir plus<\/a><\/p>\n","protected":false},"author":1,"featured_media":92,"parent":426,"menu_order":0,"comment_status":"closed","ping_status":"closed","template":"page-carreers.php","meta":{"footnotes":""},"class_list":["post-430","page","type-page","status-publish","has-post-thumbnail","hentry"],"_links":{"self":[{"href":"https:\/\/cardiogenix.com\/fr\/wp-json\/wp\/v2\/pages\/430","targetHints":{"allow":["GET"]}}],"collection":[{"href":"https:\/\/cardiogenix.com\/fr\/wp-json\/wp\/v2\/pages"}],"about":[{"href":"https:\/\/cardiogenix.com\/fr\/wp-json\/wp\/v2\/types\/page"}],"author":[{"embeddable":true,"href":"https:\/\/cardiogenix.com\/fr\/wp-json\/wp\/v2\/users\/1"}],"replies":[{"embeddable":true,"href":"https:\/\/cardiogenix.com\/fr\/wp-json\/wp\/v2\/comments?post=430"}],"version-history":[{"count":5,"href":"https:\/\/cardiogenix.com\/fr\/wp-json\/wp\/v2\/pages\/430\/revisions"}],"predecessor-version":[{"id":813,"href":"https:\/\/cardiogenix.com\/fr\/wp-json\/wp\/v2\/pages\/430\/revisions\/813"}],"up":[{"embeddable":true,"href":"https:\/\/cardiogenix.com\/fr\/wp-json\/wp\/v2\/pages\/426"}],"wp:featuredmedia":[{"embeddable":true,"href":"https:\/\/cardiogenix.com\/fr\/wp-json\/wp\/v2\/media\/92"}],"wp:attachment":[{"href":"https:\/\/cardiogenix.com\/fr\/wp-json\/wp\/v2\/media?parent=430"}],"curies":[{"name":"wp","href":"https:\/\/api.w.org\/{rel}","templated":true}]}}